{"id":381,"date":"2025-10-28T11:03:58","date_gmt":"2025-10-28T10:03:58","guid":{"rendered":"https:\/\/literie.boutique\/blog\/?page_id=381"},"modified":"2025-10-28T11:03:58","modified_gmt":"2025-10-28T10:03:58","slug":"mentions-legales","status":"publish","type":"page","link":"https:\/\/literie.boutique\/blog\/mentions-legales\/","title":{"rendered":"Mentions l\u00e9gales"},"content":{"rendered":"<h2>Editeur<\/h2>\n<p><strong>Webnotori\u00e9t\u00e9<\/strong><br \/>\n190 Impasse Lavoisier<br \/>\nParc d\u2019activit\u00e9 de l\u2019Estagnol<br \/>\n83260 La Crau<br \/>\nN\u00b0 de SIRET : 518 668 14000032<\/p>\n<p>Directeur de la publication<\/p>\n<p>Jean-Yves Delfino<\/p>\n<p>H\u00e9bergement<\/p>\n<p>HOSTINGER operations, UAB<br \/>\n\u0160vitrigailos str. 34, Vilnius 03230 Lithuania<\/p>\n<p>DISPOSITIONS RELATIVES \u00c0 LA PROTECTION DES DONN\u00c9ES<\/p>\n<p>Conform\u00e9ment aux dispositions de la loi n\u00b078-17 du 6 janvier 1978 relative \u00e0 l\u2019informatique, aux fichiers et aux libert\u00e9s, le traitement automatis\u00e9 des donn\u00e9es nominatives qui pourrait \u00e9ventuellement \u00eatre r\u00e9alis\u00e9 \u00e0 partir de ce site Internet fera l\u2019objet d\u2019une d\u00e9claration aupr\u00e8s de la Commission Nationale de l\u2019Informatique et des Libert\u00e9s (CNIL). A ce jour, les seules donn\u00e9es nominatives sont celles des abonn\u00e9s \u00e0 la newsletter mensuelle. A cet \u00e9gard, conform\u00e9ment aux dispositions de la loi n\u00b0 2004-801 du 6 ao\u00fbt 2004 relative \u00e0 la protection des personnes physiques \u00e0 l\u2019\u00e9gard des traitements de donn\u00e9es \u00e0 caract\u00e8re personnel et modifiant la loi n\u00b0 78-17 du 6 janvier 1978 relative \u00e0 l\u2019informatique, aux fichiers et aux libert\u00e9s publi\u00e9e au JO du 07 ao\u00fbt 2004, nous pr\u00e9cisons que ces donn\u00e9es resteront strictement confidentielles.<\/p>\n","protected":false},"excerpt":{"rendered":"<p>Editeur Webnotori\u00e9t\u00e9 190 Impasse Lavoisier Parc d\u2019activit\u00e9 de l\u2019Estagnol 83260 La Crau N\u00b0 de SIRET : 518 668 14000032 Directeur de la publication Jean-Yves Delfino H\u00e9bergement HOSTINGER operations, UAB \u0160vitrigailos str. 34, Vilnius 03230 Lithuania DISPOSITIONS RELATIVES \u00c0 LA PROTECTION DES DONN\u00c9ES Conform\u00e9ment aux dispositions de la loi n\u00b078-17 du 6 janvier 1978 relative \u00e0 [&hellip;]<\/p>\n","protected":false},"author":1,"featured_media":0,"parent":0,"menu_order":0,"comment_status":"closed","ping_status":"closed","template":"","meta":{"_eb_attr":"","footnotes":""},"class_list":["post-381","page","type-page","status-publish","hentry"],"yoast_head":"<!-- This site is optimized with the Yoast SEO plugin v27.4 - https:\/\/yoast.com\/product\/yoast-seo-wordpress\/ -->\n<title>Mentions l\u00e9gales - Blog literie<\/title>\n<meta name=\"robots\" content=\"index, follow, max-snippet:-1, max-image-preview:large, max-video-preview:-1\" \/>\n<link rel=\"canonical\" href=\"https:\/\/literie.boutique\/blog\/mentions-legales\/\" \/>\n<meta property=\"og:locale\" content=\"fr_FR\" \/>\n<meta property=\"og:type\" content=\"article\" \/>\n<meta property=\"og:title\" content=\"Mentions l\u00e9gales - Blog literie\" \/>\n<meta property=\"og:description\" content=\"Editeur Webnotori\u00e9t\u00e9 190 Impasse Lavoisier Parc d\u2019activit\u00e9 de l\u2019Estagnol 83260 La Crau N\u00b0 de SIRET : 518 668 14000032 Directeur de la publication Jean-Yves Delfino H\u00e9bergement HOSTINGER operations, UAB \u0160vitrigailos str. 34, Vilnius 03230 Lithuania DISPOSITIONS RELATIVES \u00c0 LA PROTECTION DES DONN\u00c9ES Conform\u00e9ment aux dispositions de la loi n\u00b078-17 du 6 janvier 1978 relative \u00e0 [&hellip;]\" \/>\n<meta property=\"og:url\" content=\"https:\/\/literie.boutique\/blog\/mentions-legales\/\" \/>\n<meta property=\"og:site_name\" content=\"Blog literie\" \/>\n<meta name=\"twitter:card\" content=\"summary_large_image\" \/>\n<meta name=\"twitter:label1\" content=\"Dur\u00e9e de lecture estim\u00e9e\" \/>\n\t<meta name=\"twitter:data1\" content=\"1 minute\" \/>\n<script type=\"application\/ld+json\" class=\"yoast-schema-graph\">{\"@context\":\"https:\\\/\\\/schema.org\",\"@graph\":[{\"@type\":\"WebPage\",\"@id\":\"https:\\\/\\\/literie.boutique\\\/blog\\\/mentions-legales\\\/\",\"url\":\"https:\\\/\\\/literie.boutique\\\/blog\\\/mentions-legales\\\/\",\"name\":\"Mentions l\u00e9gales - Blog literie\",\"isPartOf\":{\"@id\":\"https:\\\/\\\/literie.boutique\\\/blog\\\/#website\"},\"datePublished\":\"2025-10-28T10:03:58+00:00\",\"breadcrumb\":{\"@id\":\"https:\\\/\\\/literie.boutique\\\/blog\\\/mentions-legales\\\/#breadcrumb\"},\"inLanguage\":\"fr-FR\",\"potentialAction\":[{\"@type\":\"ReadAction\",\"target\":[\"https:\\\/\\\/literie.boutique\\\/blog\\\/mentions-legales\\\/\"]}]},{\"@type\":\"BreadcrumbList\",\"@id\":\"https:\\\/\\\/literie.boutique\\\/blog\\\/mentions-legales\\\/#breadcrumb\",\"itemListElement\":[{\"@type\":\"ListItem\",\"position\":1,\"name\":\"Accueil\",\"item\":\"https:\\\/\\\/literie.boutique\\\/blog\\\/\"},{\"@type\":\"ListItem\",\"position\":2,\"name\":\"Mentions l\u00e9gales\"}]},{\"@type\":\"WebSite\",\"@id\":\"https:\\\/\\\/literie.boutique\\\/blog\\\/#website\",\"url\":\"https:\\\/\\\/literie.boutique\\\/blog\\\/\",\"name\":\"Blog literie\",\"description\":\"\",\"potentialAction\":[{\"@type\":\"SearchAction\",\"target\":{\"@type\":\"EntryPoint\",\"urlTemplate\":\"https:\\\/\\\/literie.boutique\\\/blog\\\/?s={search_term_string}\"},\"query-input\":{\"@type\":\"PropertyValueSpecification\",\"valueRequired\":true,\"valueName\":\"search_term_string\"}}],\"inLanguage\":\"fr-FR\"}]}<\/script>\n<!-- \/ Yoast SEO plugin. -->","yoast_head_json":{"title":"Mentions l\u00e9gales - Blog literie","robots":{"index":"index","follow":"follow","max-snippet":"max-snippet:-1","max-image-preview":"max-image-preview:large","max-video-preview":"max-video-preview:-1"},"canonical":"https:\/\/literie.boutique\/blog\/mentions-legales\/","og_locale":"fr_FR","og_type":"article","og_title":"Mentions l\u00e9gales - Blog literie","og_description":"Editeur Webnotori\u00e9t\u00e9 190 Impasse Lavoisier Parc d\u2019activit\u00e9 de l\u2019Estagnol 83260 La Crau N\u00b0 de SIRET : 518 668 14000032 Directeur de la publication Jean-Yves Delfino H\u00e9bergement HOSTINGER operations, UAB \u0160vitrigailos str. 34, Vilnius 03230 Lithuania DISPOSITIONS RELATIVES \u00c0 LA PROTECTION DES DONN\u00c9ES Conform\u00e9ment aux dispositions de la loi n\u00b078-17 du 6 janvier 1978 relative \u00e0 [&hellip;]","og_url":"https:\/\/literie.boutique\/blog\/mentions-legales\/","og_site_name":"Blog literie","twitter_card":"summary_large_image","twitter_misc":{"Dur\u00e9e de lecture estim\u00e9e":"1 minute"},"schema":{"@context":"https:\/\/schema.org","@graph":[{"@type":"WebPage","@id":"https:\/\/literie.boutique\/blog\/mentions-legales\/","url":"https:\/\/literie.boutique\/blog\/mentions-legales\/","name":"Mentions l\u00e9gales - Blog literie","isPartOf":{"@id":"https:\/\/literie.boutique\/blog\/#website"},"datePublished":"2025-10-28T10:03:58+00:00","breadcrumb":{"@id":"https:\/\/literie.boutique\/blog\/mentions-legales\/#breadcrumb"},"inLanguage":"fr-FR","potentialAction":[{"@type":"ReadAction","target":["https:\/\/literie.boutique\/blog\/mentions-legales\/"]}]},{"@type":"BreadcrumbList","@id":"https:\/\/literie.boutique\/blog\/mentions-legales\/#breadcrumb","itemListElement":[{"@type":"ListItem","position":1,"name":"Accueil","item":"https:\/\/literie.boutique\/blog\/"},{"@type":"ListItem","position":2,"name":"Mentions l\u00e9gales"}]},{"@type":"WebSite","@id":"https:\/\/literie.boutique\/blog\/#website","url":"https:\/\/literie.boutique\/blog\/","name":"Blog literie","description":"","potentialAction":[{"@type":"SearchAction","target":{"@type":"EntryPoint","urlTemplate":"https:\/\/literie.boutique\/blog\/?s={search_term_string}"},"query-input":{"@type":"PropertyValueSpecification","valueRequired":true,"valueName":"search_term_string"}}],"inLanguage":"fr-FR"}]}},"_links":{"self":[{"href":"https:\/\/literie.boutique\/blog\/wp-json\/wp\/v2\/pages\/381","targetHints":{"allow":["GET"]}}],"collection":[{"href":"https:\/\/literie.boutique\/blog\/wp-json\/wp\/v2\/pages"}],"about":[{"href":"https:\/\/literie.boutique\/blog\/wp-json\/wp\/v2\/types\/page"}],"author":[{"embeddable":true,"href":"https:\/\/literie.boutique\/blog\/wp-json\/wp\/v2\/users\/1"}],"replies":[{"embeddable":true,"href":"https:\/\/literie.boutique\/blog\/wp-json\/wp\/v2\/comments?post=381"}],"version-history":[{"count":1,"href":"https:\/\/literie.boutique\/blog\/wp-json\/wp\/v2\/pages\/381\/revisions"}],"predecessor-version":[{"id":382,"href":"https:\/\/literie.boutique\/blog\/wp-json\/wp\/v2\/pages\/381\/revisions\/382"}],"wp:attachment":[{"href":"https:\/\/literie.boutique\/blog\/wp-json\/wp\/v2\/media?parent=381"}],"curies":[{"name":"wp","href":"https:\/\/api.w.org\/{rel}","templated":true}]}}