{"id":209,"date":"2025-07-17T08:53:22","date_gmt":"2025-07-17T06:53:22","guid":{"rendered":"https:\/\/literie.boutique\/blog\/?page_id=209"},"modified":"2025-07-17T09:01:57","modified_gmt":"2025-07-17T07:01:57","slug":"plan-du-site","status":"publish","type":"page","link":"https:\/\/literie.boutique\/blog\/plan-du-site\/","title":{"rendered":"Plan du site"},"content":{"rendered":"\t\t<div data-elementor-type=\"wp-page\" data-elementor-id=\"209\" class=\"elementor elementor-209\">\n\t\t\t\t<div class=\"elementor-element elementor-element-4e237bf e-flex e-con-boxed e-con e-parent\" data-id=\"4e237bf\" data-element_type=\"container\" data-e-type=\"container\">\n\t\t\t\t\t<div class=\"e-con-inner\">\n\t\t\t\t<div class=\"elementor-element elementor-element-e64a8be elementor-widget elementor-widget-shortcode\" data-id=\"e64a8be\" data-element_type=\"widget\" data-e-type=\"widget\" data-widget_type=\"shortcode.default\">\n\t\t\t\t\t\t\t<div class=\"elementor-shortcode\"><div id=\"simple-sitemap-container-69f146bc5e375\" class=\"simple-sitemap-container simple-sitemap-container-69f146bc5e375 tab-disabled\"><div class=\"simple-sitemap-wrap\"><h3 class=\"post-type\">Pages<\/h3><ul class=\"simple-sitemap-page main\"><li class=\"sitemap-item page_item page-item-25\"><a href=\"https:\/\/literie.boutique\/blog\/\">HomePage<\/a><\/li>\n<li class=\"sitemap-item page_item page-item-381\"><a href=\"https:\/\/literie.boutique\/blog\/mentions-legales\/\">Mentions l\u00e9gales<\/a><\/li>\n<li class=\"sitemap-item page_item page-item-209\"><a href=\"https:\/\/literie.boutique\/blog\/plan-du-site\/\">Plan du site<\/a><\/li>\n<\/ul><\/div><\/div><br style=\"clear: both;\">\n\n<div id=\"simple-sitemap-container-69f146bc5ebda\" class=\"simple-sitemap-container simple-sitemap-container-69f146bc5ebda\"><h3 class=\"post-type\">Articles<\/h3><div class=\"simple-sitemap-wrap entretien-duree-de-vie\"><h3 class=\"term-tag\">Entretien &amp; Dur\u00e9e de vie<\/h3><ul class=\"simple-sitemap-post main\"><li class=\"sitemap-item\"><a href=\"https:\/\/literie.boutique\/blog\/astuces-enlever-taches-matelas\/\">5 astuces pour enlever une tache de sang ou d\u2019urine sur un matelas<\/a><\/li><li class=\"sitemap-item\"><a href=\"https:\/\/literie.boutique\/blog\/nettoyer-matelas-acariens-taches\/\">Comment nettoyer un matelas en profondeur (acariens, taches, odeurs)<\/a><\/li><li class=\"sitemap-item\"><a href=\"https:\/\/literie.boutique\/blog\/dormir-sans-oreiller-nuque\/\">Dormir sans oreiller\u00a0: est-ce une bonne id\u00e9e pour la nuque\u00a0?<\/a><\/li><\/ul><\/div><div class=\"simple-sitemap-wrap guides-achat-literie\"><h3 class=\"term-tag\">Guides d\u2019achat literie<\/h3><ul class=\"simple-sitemap-post main\"><li class=\"sitemap-item\"><a href=\"https:\/\/literie.boutique\/blog\/acheter-matelas-supermarche\/\">Acheter son matelas dans un supermarch\u00e9, est-ce le bon choix ?<\/a><\/li><li class=\"sitemap-item\"><a href=\"https:\/\/literie.boutique\/blog\/choisir-matelas\/\">Comment bien choisir son matelas ?<\/a><\/li><li class=\"sitemap-item\"><a href=\"https:\/\/literie.boutique\/blog\/choisir-sommier\/\">Comment bien choisir son sommier\u00a0?<\/a><\/li><li class=\"sitemap-item\"><a href=\"https:\/\/literie.boutique\/blog\/choisir-surmatelas-confort\/\">Comment bien choisir un surmatelas pour am\u00e9liorer son confort\u00a0?<\/a><\/li><li class=\"sitemap-item\"><a href=\"https:\/\/literie.boutique\/blog\/tester-matelas-magasin\/\">Comment tester un matelas en magasin avant de l\u2019acheter\u00a0?<\/a><\/li><li class=\"sitemap-item\"><a href=\"https:\/\/literie.boutique\/blog\/choisir-couette-saison\/\">Couette d\u2019\u00e9t\u00e9 ou couette d\u2019hiver : comment choisir la couette adapt\u00e9e \u00e0 chaque saison ?<\/a><\/li><li class=\"sitemap-item\"><a href=\"https:\/\/literie.boutique\/blog\/couette-couverture-dormir\/\">Couette ou couverture\u00a0: quelle est la meilleure option pour bien dormir \u00e0 son aise\u00a0?<\/a><\/li><li class=\"sitemap-item\"><a href=\"https:\/\/literie.boutique\/blog\/couette-synthetique-vs-duvet\/\">Couette synth\u00e9tique ou couette en duvet naturel\u00a0: comment faire le bon choix\u00a0?<\/a><\/li><li class=\"sitemap-item\"><a href=\"https:\/\/literie.boutique\/blog\/acheter-matelas-magasin-en-ligne\/\">Faut-il acheter son matelas en magasin sp\u00e9cialis\u00e9 ou en ligne ?<\/a><\/li><li class=\"sitemap-item\"><a href=\"https:\/\/literie.boutique\/blog\/utilite-surmatelas\/\">Le surmatelas est-il utile\u00a0?<\/a><\/li><li class=\"sitemap-item\"><a href=\"https:\/\/literie.boutique\/blog\/matelas-ressorts-ensaches\/\">Matelas \u00e0 ressorts ensach\u00e9s\u00a0: pourquoi les choisir\u00a0?<\/a><\/li><li class=\"sitemap-item\"><a href=\"https:\/\/literie.boutique\/blog\/matelas-latex-avantages-inconvenients\/\">Matelas en latex\u00a0: quels avantages offre-t-il et quels inconv\u00e9nients\u00a0?<\/a><\/li><li class=\"sitemap-item\"><a href=\"https:\/\/literie.boutique\/blog\/latex-naturel-vs-synthetique\/\">Matelas en latex naturel ou latex synth\u00e9tique\u00a0: quelles diff\u00e9rences et comment choisir\u00a0?<\/a><\/li><li class=\"sitemap-item\"><a href=\"https:\/\/literie.boutique\/blog\/avantages-inconvenients-matelas\/\">Matelas en mousse \u00e0 m\u00e9moire de forme\u00a0: quels avantages et inconv\u00e9nients pour le dormeur\u00a0?<\/a><\/li><li class=\"sitemap-item\"><a href=\"https:\/\/literie.boutique\/blog\/choisir-matelas-mousse-latex-ressorts\/\">Matelas en mousse, latex ou ressorts : comment faire le bon choix ?<\/a><\/li><li class=\"sitemap-item\"><a href=\"https:\/\/literie.boutique\/blog\/choisir-fermete-matelas\/\">Matelas ferme ou moelleux\u00a0: comment choisir la fermet\u00e9 id\u00e9ale pour bien dormir\u00a0?<\/a><\/li><li class=\"sitemap-item\"><a href=\"https:\/\/literie.boutique\/blog\/matelas-ikea-emma-simba\/\">Matelas IKEA, Emma, Simba\u2026 : que valent les matelas des grandes marques face aux sp\u00e9cialistes ?<\/a><\/li><li class=\"sitemap-item\"><a href=\"https:\/\/literie.boutique\/blog\/matelas-dur-mou-solutions\/\">Matelas trop dur ou trop mou\u00a0: quelles solutions pour retrouver un couchage confortable\u00a0?<\/a><\/li><li class=\"sitemap-item\"><a href=\"https:\/\/literie.boutique\/blog\/oreiller-plumes-ou-synthetique\/\">Oreiller en plumes naturelles ou oreiller synth\u00e9tique\u00a0: lequel choisir pour son confort\u00a0?<\/a><\/li><li class=\"sitemap-item\"><a href=\"https:\/\/literie.boutique\/blog\/oreiller-ergonomique-traditionnel\/\">Oreiller ergonomique vs oreiller traditionnel : lequel choisir ?<\/a><\/li><li class=\"sitemap-item\"><a href=\"https:\/\/literie.boutique\/blog\/difference-alese-protege-matelas\/\">Prot\u00e8ge-matelas ou al\u00e8se de lit\u00a0: quelle diff\u00e9rence et lequel choisir pour prot\u00e9ger son matelas\u00a0?<\/a><\/li><li class=\"sitemap-item\"><a href=\"https:\/\/literie.boutique\/blog\/matelas-hybride-choix\/\">Qu\u2019est-ce qu\u2019un matelas hybride et pour qui est-ce un bon choix\u00a0?<\/a><\/li><li class=\"sitemap-item\"><a href=\"https:\/\/literie.boutique\/blog\/couette-4-saisons-choisir\/\">Qu\u2019est-ce qu\u2019une couette \u201c4\u00a0saisons\u201d et comment bien la choisir pour toute l\u2019ann\u00e9e\u00a0?<\/a><\/li><li class=\"sitemap-item\"><a href=\"https:\/\/literie.boutique\/blog\/matelas-hernie-discale-sciatique\/\">Quel matelas choisir en cas de hernie discale ou de sciatique\u00a0?<\/a><\/li><li class=\"sitemap-item\"><a href=\"https:\/\/literie.boutique\/blog\/matelas-bebe-choisir\/\">Quel matelas choisir pour un b\u00e9b\u00e9\u00a0?<\/a><\/li><li class=\"sitemap-item\"><a href=\"https:\/\/literie.boutique\/blog\/matelas-forte-corpulence\/\">Quel matelas choisir pour une personne de forte corpulence\u00a0?<\/a><\/li><li class=\"sitemap-item\"><a href=\"https:\/\/literie.boutique\/blog\/matelas-mal-au-dos\/\">Quel matelas choisir quand on a mal au dos ?<\/a><\/li><li class=\"sitemap-item\"><a href=\"https:\/\/literie.boutique\/blog\/matelas-arthrose-lombaire\/\">Quel matelas convient aux personnes souffrant d\u2019arthrose lombaire ou de douleurs articulaires\u00a0?<\/a><\/li><li class=\"sitemap-item\"><a href=\"https:\/\/literie.boutique\/blog\/matelas-enfant-adolescent\/\">Quel matelas pour un enfant ou un adolescent\u00a0?<\/a><\/li><li class=\"sitemap-item\"><a href=\"https:\/\/literie.boutique\/blog\/oreiller-mal-cervicales\/\">Quel oreiller choisir quand on a mal aux cervicales\u00a0?<\/a><\/li><li class=\"sitemap-item\"><a href=\"https:\/\/literie.boutique\/blog\/epaisseur-matelas-soutien\/\">Quelle \u00e9paisseur de matelas faut-il privil\u00e9gier pour un soutien optimal\u00a0?<\/a><\/li><li class=\"sitemap-item\"><a href=\"https:\/\/literie.boutique\/blog\/densite-matelas-qualite\/\">Quelle est la bonne densit\u00e9 pour un matelas de qualit\u00e9\u00a0?<\/a><\/li><li class=\"sitemap-item\"><a href=\"https:\/\/literie.boutique\/blog\/literie-anti-acariens-allergies\/\">Quelle literie anti-acariens et quelles protections utiliser quand on est allergique\u00a0?<\/a><\/li><li class=\"sitemap-item\"><a href=\"https:\/\/literie.boutique\/blog\/literie-position-moins-ronfler\/\">Quelle literie et quelle position peuvent aider \u00e0 moins ronfler la nuit\u00a0?<\/a><\/li><li class=\"sitemap-item\"><a href=\"https:\/\/literie.boutique\/blog\/literie-dormir-cote-dos-ventre\/\">Quelle literie pour dormir sur le c\u00f4t\u00e9, sur le dos ou sur le ventre\u00a0?<\/a><\/li><li class=\"sitemap-item\"><a href=\"https:\/\/literie.boutique\/blog\/literie-bien-dormir-couple\/\">Quelle literie privil\u00e9gier pour bien dormir en couple\u00a0?<\/a><\/li><li class=\"sitemap-item\"><a href=\"https:\/\/literie.boutique\/blog\/taille-couette-lit-160x200\/\">Quelle taille de couette choisir pour un lit 160&#215;200 ?<\/a><\/li><li class=\"sitemap-item\"><a href=\"https:\/\/literie.boutique\/blog\/taille-lit-dormir-140-160-180\/\">Quelle taille de lit choisir pour bien dormir (140, 160 ou 180 cm) ?<\/a><\/li><li class=\"sitemap-item\"><a href=\"https:\/\/literie.boutique\/blog\/sommier-lattes-vs-tapissier\/\">Sommier \u00e0 lattes ou sommier tapissier\u00a0: lequel choisir pour votre matelas\u00a0?<\/a><\/li><li class=\"sitemap-item\"><a href=\"https:\/\/literie.boutique\/blog\/literie-transpiration-nocturne\/\">Transpiration nocturne : quelle literie choisir quand on a trop chaud la nuit ?<\/a><\/li><\/ul><\/div><div class=\"simple-sitemap-wrap marques-et-magasins\"><h3 class=\"term-tag\">Marques &amp; Magasins<\/h3><ul class=\"simple-sitemap-post main\"><li class=\"sitemap-item\"><a href=\"https:\/\/literie.boutique\/blog\/enseignes-literie-mauvaise-qualite\/\">Les enseignes de literie \u00e0 \u00e9viter : comment rep\u00e9rer un service de mauvaise qualit\u00e9 ?<\/a><\/li><li class=\"sitemap-item\"><a href=\"https:\/\/literie.boutique\/blog\/meilleures-marques-matelas\/\">Les meilleures marques de matelas fran\u00e7ais : lesquelles conna\u00eetre absolument ?<\/a><\/li><li class=\"sitemap-item\"><a href=\"https:\/\/literie.boutique\/blog\/litrimarche-enseignes-literie\/\">Litrimarch\u00e9 : que vaut cette enseigne de literie pr\u00e9sente partout en France ?<\/a><\/li><li class=\"sitemap-item\"><a href=\"https:\/\/literie.boutique\/blog\/bonjour-tout-le-monde\/\">Magasin de literie : 7 crit\u00e8res essentiels pour faire le bon choix<\/a><\/li><li class=\"sitemap-item\"><a href=\"https:\/\/literie.boutique\/blog\/pourquoi-visiter-un-magasin-de-literie-plutot-que-commander-en-ligne\/\">Magasin de literie ou site e-commerce : comment faire le meilleur choix ?<\/a><\/li><li class=\"sitemap-item\"><a href=\"https:\/\/literie.boutique\/blog\/literie-independants-chaines\/\">Magasins de literie : quelles diff\u00e9rences entre ind\u00e9pendants et grandes cha\u00eenes ?<\/a><\/li><li class=\"sitemap-item\"><a href=\"https:\/\/literie.boutique\/blog\/que-trouve-t-on-dans-un-magasin-de-literie\/\">Que peut-on acheter dans un magasin de literie ?<\/a><\/li><\/ul><\/div><div class=\"simple-sitemap-wrap non-classe\"><h3 class=\"term-tag\">Non class\u00e9<\/h3><ul class=\"simple-sitemap-post main\"><li class=\"sitemap-item\"><a href=\"https:\/\/literie.boutique\/blog\/laver-oreiller-plume-synthetique\/\">Comment laver un oreiller en plume ou synth\u00e9tique sans l\u2019ab\u00eemer\u00a0?<\/a><\/li><li class=\"sitemap-item\"><a href=\"https:\/\/literie.boutique\/blog\/nettoyer-laver-couette\/\">Comment nettoyer et laver une couette \u00e0 la maison<\/a><\/li><li class=\"sitemap-item\"><a href=\"https:\/\/literie.boutique\/blog\/nettoyer-matelas-vomissement\/\">Comment nettoyer un matelas apr\u00e8s un vomissement ou un accident\u00a0?<\/a><\/li><li class=\"sitemap-item\"><a href=\"https:\/\/literie.boutique\/blog\/s-habituer-nouveau-matelas\/\">Comment s\u2019habituer \u00e0 un nouveau matelas\u00a0?<\/a><\/li><li class=\"sitemap-item\"><a href=\"https:\/\/literie.boutique\/blog\/avis-grand-litier-produits\/\">Grand Litier : avis sur l\u2019enseigne, qualit\u00e9 des produits et services en magasin<\/a><\/li><li class=\"sitemap-item\"><a href=\"https:\/\/literie.boutique\/blog\/roi-du-matelas-magasins\/\">Le Roi du Matelas : que proposent les magasins de cette cha\u00eene sp\u00e9cialis\u00e9e ?<\/a><\/li><li class=\"sitemap-item\"><a href=\"https:\/\/literie.boutique\/blog\/lit-electrique-avantages\/\">Lit \u00e9lectrique (sommier de relaxation)\u00a0: quels avantages et inconv\u00e9nients pour le sommeil au quotidien\u00a0?<\/a><\/li><li class=\"sitemap-item\"><a href=\"https:\/\/literie.boutique\/blog\/maison-literie-france\/\">Maison de la Literie : que vaut cette enseigne de literie en France ?<\/a><\/li><li class=\"sitemap-item\"><a href=\"https:\/\/literie.boutique\/blog\/marques-matelas-a-eviter\/\">Matelas : quelles marques faut-il \u00e9viter et pourquoi ? (Avis et retours clients)<\/a><\/li><li class=\"sitemap-item\"><a href=\"https:\/\/literie.boutique\/blog\/nettoyer-matelas-moisi\/\">Matelas moisi ou humide\u00a0: comment le nettoyer et \u00e9viter le retour des moisissures\u00a0?<\/a><\/li><li class=\"sitemap-item\"><a href=\"https:\/\/literie.boutique\/blog\/mon-lit-avis-literie\/\">Mon Lit et Moi : avis sur cette enseigne fran\u00e7aise de literie personnalis\u00e9e<\/a><\/li><li class=\"sitemap-item\"><a href=\"https:\/\/literie.boutique\/blog\/oreiller-memoire-avantages\/\">Oreiller \u00e0 m\u00e9moire de forme\u00a0: avantages, inconv\u00e9nients et id\u00e9es re\u00e7ues<\/a><\/li><li class=\"sitemap-item\"><a href=\"https:\/\/literie.boutique\/blog\/matelas-classique-sommier-electrique\/\">Peut-on utiliser un matelas classique sur un sommier \u00e9lectrique\u00a0?<\/a><\/li><li class=\"sitemap-item\"><a href=\"https:\/\/literie.boutique\/blog\/qualite-air-aerer-chambre-literie\/\">Qualit\u00e9 de l\u2019air : pourquoi bien a\u00e9rer sa chambre et sa literie au quotidien<\/a><\/li><li class=\"sitemap-item\"><a href=\"https:\/\/literie.boutique\/blog\/changer-matelas\/\">Quand faut-il changer de matelas\u00a0?<\/a><\/li><li class=\"sitemap-item\"><a href=\"https:\/\/literie.boutique\/blog\/ancien-matelas-que-faire\/\">Que faire de son ancien matelas\u00a0?<\/a><\/li><\/ul><\/div><\/div><br style=\"clear: both\"><\/div>\n\t\t\t\t\t\t<\/div>\n\t\t\t\t\t<\/div>\n\t\t\t\t<\/div>\n\t\t\t\t<\/div>\n\t\t","protected":false},"excerpt":{"rendered":"","protected":false},"author":1,"featured_media":0,"parent":0,"menu_order":0,"comment_status":"closed","ping_status":"closed","template":"","meta":{"_eb_attr":"","footnotes":""},"class_list":["post-209","page","type-page","status-publish","hentry"],"yoast_head":"<!-- This site is optimized with the Yoast SEO plugin v27.4 - https:\/\/yoast.com\/product\/yoast-seo-wordpress\/ -->\n<title>Plan du site - Blog literie<\/title>\n<meta name=\"robots\" content=\"index, follow, max-snippet:-1, max-image-preview:large, max-video-preview:-1\" \/>\n<link rel=\"canonical\" href=\"https:\/\/literie.boutique\/blog\/plan-du-site\/\" \/>\n<meta property=\"og:locale\" content=\"fr_FR\" \/>\n<meta property=\"og:type\" content=\"article\" \/>\n<meta property=\"og:title\" content=\"Plan du site - Blog literie\" \/>\n<meta property=\"og:url\" content=\"https:\/\/literie.boutique\/blog\/plan-du-site\/\" \/>\n<meta property=\"og:site_name\" content=\"Blog literie\" \/>\n<meta property=\"article:modified_time\" content=\"2025-07-17T07:01:57+00:00\" \/>\n<meta name=\"twitter:card\" content=\"summary_large_image\" \/>\n<meta name=\"twitter:label1\" content=\"Dur\u00e9e de lecture estim\u00e9e\" \/>\n\t<meta name=\"twitter:data1\" content=\"1 minute\" \/>\n<script type=\"application\/ld+json\" class=\"yoast-schema-graph\">{\"@context\":\"https:\\\/\\\/schema.org\",\"@graph\":[{\"@type\":\"WebPage\",\"@id\":\"https:\\\/\\\/literie.boutique\\\/blog\\\/plan-du-site\\\/\",\"url\":\"https:\\\/\\\/literie.boutique\\\/blog\\\/plan-du-site\\\/\",\"name\":\"Plan du site - Blog literie\",\"isPartOf\":{\"@id\":\"https:\\\/\\\/literie.boutique\\\/blog\\\/#website\"},\"datePublished\":\"2025-07-17T06:53:22+00:00\",\"dateModified\":\"2025-07-17T07:01:57+00:00\",\"breadcrumb\":{\"@id\":\"https:\\\/\\\/literie.boutique\\\/blog\\\/plan-du-site\\\/#breadcrumb\"},\"inLanguage\":\"fr-FR\",\"potentialAction\":[{\"@type\":\"ReadAction\",\"target\":[\"https:\\\/\\\/literie.boutique\\\/blog\\\/plan-du-site\\\/\"]}]},{\"@type\":\"BreadcrumbList\",\"@id\":\"https:\\\/\\\/literie.boutique\\\/blog\\\/plan-du-site\\\/#breadcrumb\",\"itemListElement\":[{\"@type\":\"ListItem\",\"position\":1,\"name\":\"Accueil\",\"item\":\"https:\\\/\\\/literie.boutique\\\/blog\\\/\"},{\"@type\":\"ListItem\",\"position\":2,\"name\":\"Plan du site\"}]},{\"@type\":\"WebSite\",\"@id\":\"https:\\\/\\\/literie.boutique\\\/blog\\\/#website\",\"url\":\"https:\\\/\\\/literie.boutique\\\/blog\\\/\",\"name\":\"Blog literie\",\"description\":\"\",\"potentialAction\":[{\"@type\":\"SearchAction\",\"target\":{\"@type\":\"EntryPoint\",\"urlTemplate\":\"https:\\\/\\\/literie.boutique\\\/blog\\\/?s={search_term_string}\"},\"query-input\":{\"@type\":\"PropertyValueSpecification\",\"valueRequired\":true,\"valueName\":\"search_term_string\"}}],\"inLanguage\":\"fr-FR\"}]}<\/script>\n<!-- \/ Yoast SEO plugin. -->","yoast_head_json":{"title":"Plan du site - Blog literie","robots":{"index":"index","follow":"follow","max-snippet":"max-snippet:-1","max-image-preview":"max-image-preview:large","max-video-preview":"max-video-preview:-1"},"canonical":"https:\/\/literie.boutique\/blog\/plan-du-site\/","og_locale":"fr_FR","og_type":"article","og_title":"Plan du site - Blog literie","og_url":"https:\/\/literie.boutique\/blog\/plan-du-site\/","og_site_name":"Blog literie","article_modified_time":"2025-07-17T07:01:57+00:00","twitter_card":"summary_large_image","twitter_misc":{"Dur\u00e9e de lecture estim\u00e9e":"1 minute"},"schema":{"@context":"https:\/\/schema.org","@graph":[{"@type":"WebPage","@id":"https:\/\/literie.boutique\/blog\/plan-du-site\/","url":"https:\/\/literie.boutique\/blog\/plan-du-site\/","name":"Plan du site - Blog literie","isPartOf":{"@id":"https:\/\/literie.boutique\/blog\/#website"},"datePublished":"2025-07-17T06:53:22+00:00","dateModified":"2025-07-17T07:01:57+00:00","breadcrumb":{"@id":"https:\/\/literie.boutique\/blog\/plan-du-site\/#breadcrumb"},"inLanguage":"fr-FR","potentialAction":[{"@type":"ReadAction","target":["https:\/\/literie.boutique\/blog\/plan-du-site\/"]}]},{"@type":"BreadcrumbList","@id":"https:\/\/literie.boutique\/blog\/plan-du-site\/#breadcrumb","itemListElement":[{"@type":"ListItem","position":1,"name":"Accueil","item":"https:\/\/literie.boutique\/blog\/"},{"@type":"ListItem","position":2,"name":"Plan du site"}]},{"@type":"WebSite","@id":"https:\/\/literie.boutique\/blog\/#website","url":"https:\/\/literie.boutique\/blog\/","name":"Blog literie","description":"","potentialAction":[{"@type":"SearchAction","target":{"@type":"EntryPoint","urlTemplate":"https:\/\/literie.boutique\/blog\/?s={search_term_string}"},"query-input":{"@type":"PropertyValueSpecification","valueRequired":true,"valueName":"search_term_string"}}],"inLanguage":"fr-FR"}]}},"_links":{"self":[{"href":"https:\/\/literie.boutique\/blog\/wp-json\/wp\/v2\/pages\/209","targetHints":{"allow":["GET"]}}],"collection":[{"href":"https:\/\/literie.boutique\/blog\/wp-json\/wp\/v2\/pages"}],"about":[{"href":"https:\/\/literie.boutique\/blog\/wp-json\/wp\/v2\/types\/page"}],"author":[{"embeddable":true,"href":"https:\/\/literie.boutique\/blog\/wp-json\/wp\/v2\/users\/1"}],"replies":[{"embeddable":true,"href":"https:\/\/literie.boutique\/blog\/wp-json\/wp\/v2\/comments?post=209"}],"version-history":[{"count":4,"href":"https:\/\/literie.boutique\/blog\/wp-json\/wp\/v2\/pages\/209\/revisions"}],"predecessor-version":[{"id":214,"href":"https:\/\/literie.boutique\/blog\/wp-json\/wp\/v2\/pages\/209\/revisions\/214"}],"wp:attachment":[{"href":"https:\/\/literie.boutique\/blog\/wp-json\/wp\/v2\/media?parent=209"}],"curies":[{"name":"wp","href":"https:\/\/api.w.org\/{rel}","templated":true}]}}